{"id":11098,"date":"2023-11-22T13:28:50","date_gmt":"2023-11-22T12:28:50","guid":{"rendered":"https:\/\/microlay.com\/fail-print-support-ticket\/"},"modified":"2023-11-22T13:29:08","modified_gmt":"2023-11-22T12:29:08","slug":"fail-print-support-ticket","status":"publish","type":"page","link":"https:\/\/microlay.com\/fr\/fail-print-support-ticket\/","title":{"rendered":"Fail Print Support Ticket"},"content":{"rendered":"[vc_row type=\u00a0\u00bbin_container\u00a0\u00bb full_screen_row_position=\u00a0\u00bbmiddle\u00a0\u00bb scene_position=\u00a0\u00bbcenter\u00a0\u00bb text_color=\u00a0\u00bbdark\u00a0\u00bb text_align=\u00a0\u00bbleft\u00a0\u00bb overlay_strength=\u00a0\u00bb0.3&Prime;][vc_column column_padding=\u00a0\u00bbno-extra-padding\u00a0\u00bb column_padding_position=\u00a0\u00bball\u00a0\u00bb background_color_opacity=\u00a0\u00bb1&Prime; background_hover_color_opacity=\u00a0\u00bb1&Prime; column_shadow=\u00a0\u00bbnone\u00a0\u00bb width=\u00a0\u00bb1\/1&Prime; tablet_text_alignment=\u00a0\u00bbdefault\u00a0\u00bb phone_text_alignment=\u00a0\u00bbdefault\u00a0\u00bb column_border_width=\u00a0\u00bbnone\u00a0\u00bb column_border_style=\u00a0\u00bbsolid\u00a0\u00bb]\n<div class=\"wpcf7 no-js\" id=\"wpcf7-f11459-o1\" lang=\"fr-FR\" dir=\"ltr\" data-wpcf7-id=\"11459\">\n<div class=\"screen-reader-response\"><p role=\"status\" aria-live=\"polite\" aria-atomic=\"true\"><\/p> <ul><\/ul><\/div>\n<form action=\"\/fr\/wp-json\/wp\/v2\/pages\/11098#wpcf7-f11459-o1\" method=\"post\" class=\"wpcf7-form init\" aria-label=\"Formulaire de contact\" enctype=\"multipart\/form-data\" novalidate=\"novalidate\" data-status=\"init\">\n<fieldset class=\"hidden-fields-container\"><input type=\"hidden\" name=\"_wpcf7\" value=\"11459\" \/><input type=\"hidden\" name=\"_wpcf7_version\" value=\"6.1.5\" \/><input type=\"hidden\" name=\"_wpcf7_locale\" value=\"fr_FR\" \/><input type=\"hidden\" name=\"_wpcf7_unit_tag\" value=\"wpcf7-f11459-o1\" \/><input type=\"hidden\" name=\"_wpcf7_container_post\" value=\"0\" \/><input type=\"hidden\" name=\"_wpcf7_posted_data_hash\" value=\"\" \/><input type=\"hidden\" name=\"_wpcf7_recaptcha_response\" value=\"\" \/>\n<\/fieldset>\n<p><label> Num\u00e9ro de s\u00e9rie* (sur la plaque du panneau arri\u00e8re) (obligatoire)<br \/>\n<span class=\"wpcf7-form-control-wrap\" data-name=\"SerialNumber\"><input class=\"wpcf7-form-control wpcf7-number wpcf7-validates-as-required wpcf7-validates-as-number\" id=\"serialnumber\" min=\"01\" max=\"200\" aria-required=\"true\" aria-invalid=\"false\" value=\"00\" type=\"number\" name=\"SerialNumber\" \/><\/span> <\/label><br \/>\n<label> Nom de l'entreprise* (obligatoire)<br \/>\n<span class=\"wpcf7-form-control-wrap\" data-name=\"company\"><input size=\"40\" maxlength=\"400\" class=\"wpcf7-form-control wpcf7-text wpcf7-validates-as-required\" aria-required=\"true\" aria-invalid=\"false\" value=\"\" type=\"text\" name=\"company\" \/><\/span> <\/label><br \/>\n<label> Nom du profil utilis\u00e9* (obligatoire)<br \/>\n<span class=\"wpcf7-form-control-wrap\" data-name=\"profile\"><input size=\"40\" maxlength=\"400\" class=\"wpcf7-form-control wpcf7-text wpcf7-validates-as-required\" aria-required=\"true\" aria-invalid=\"false\" value=\"\" type=\"text\" name=\"profile\" \/><\/span> <\/label><br \/>\n<label> R\u00e9sine utilis\u00e9e* (obligatoire)<br \/>\n<span class=\"wpcf7-form-control-wrap\" data-name=\"resin\"><input size=\"40\" maxlength=\"400\" class=\"wpcf7-form-control wpcf7-text wpcf7-validates-as-required\" aria-required=\"true\" aria-invalid=\"false\" value=\"\" type=\"text\" name=\"resin\" \/><\/span> <\/label><br \/>\n<label> Image 1 du probl\u00e8me* (obligatoire)<br \/>\n<span class=\"wpcf7-form-control-wrap\" data-name=\"picture1\"><input size=\"40\" class=\"wpcf7-form-control wpcf7-file wpcf7-validates-as-required\" accept=\"audio\/*,video\/*,image\/*\" aria-required=\"true\" aria-invalid=\"false\" type=\"file\" name=\"picture1\" \/><\/span> <\/label><br \/>\n<label> Image 2 du probl\u00e8me<br \/>\n<span class=\"wpcf7-form-control-wrap\" data-name=\"picture2\"><input size=\"40\" class=\"wpcf7-form-control wpcf7-file\" accept=\"audio\/*,video\/*,image\/*\" aria-invalid=\"false\" type=\"file\" name=\"picture2\" \/><\/span> <\/label><br \/>\n<label> Image 3 du probl\u00e8me<br \/>\n<span class=\"wpcf7-form-control-wrap\" data-name=\"picture3\"><input size=\"40\" class=\"wpcf7-form-control wpcf7-file\" accept=\"audio\/*,video\/*,image\/*\" aria-invalid=\"false\" type=\"file\" name=\"picture3\" \/><\/span> <\/label><br \/>\n<label> Votre Email* (obligatoire)<br \/>\n<span class=\"wpcf7-form-control-wrap\" data-name=\"your-email\"><input size=\"40\" maxlength=\"400\" class=\"wpcf7-form-control wpcf7-email wpcf7-validates-as-required wpcf7-text wpcf7-validates-as-email\" aria-required=\"true\" aria-invalid=\"false\" value=\"\" type=\"email\" name=\"your-email\" \/><\/span> <\/label>\n<\/p>\n<p><label> D\u00e9crire le probl\u00e8me*<br \/>\n<span class=\"wpcf7-form-control-wrap\" data-name=\"your-message\"><textarea cols=\"40\" rows=\"10\" maxlength=\"2000\" class=\"wpcf7-form-control wpcf7-textarea\" aria-invalid=\"false\" name=\"your-message\"><\/textarea><\/span> <\/label>\n<\/p>\n<p>CHOISIR UNE OPTION :<br \/>\n<label>STL ou SLC ZIPPED (OPTION 1)<br \/>\n<span class=\"wpcf7-form-control-wrap\" data-name=\"stl\"><input size=\"40\" class=\"wpcf7-form-control wpcf7-file\" accept=\".zip,.stl,.slc\" aria-invalid=\"false\" type=\"file\" name=\"stl\" \/><\/span><\/label><br \/>\n<label>Lien vers STL ou SLC (si le fichier STL est trop volumineux) (OPTION 2)<br \/>\n<span class=\"wpcf7-form-control-wrap\" data-name=\"link_stl\"><input size=\"40\" maxlength=\"400\" class=\"wpcf7-form-control wpcf7-url wpcf7-text wpcf7-validates-as-url\" aria-invalid=\"false\" value=\"Link to services as WeTransfer, DropBox, Google Drive...\" type=\"url\" name=\"link_stl\" \/><\/span><\/label><br \/>\n<label>Vous souhaitez prendre rendez-vous avec notre \u00e9quipe d'assistance \u00e0 la client\u00e8le ? (uniquement pour les distributeurs)<br \/>\n<span class=\"wpcf7-form-control-wrap\" data-name=\"meeting\"><span class=\"wpcf7-form-control wpcf7-checkbox wpcf7-exclusive-checkbox\"><span class=\"wpcf7-list-item first\"><input type=\"checkbox\" name=\"meeting\" value=\"Skype\" \/><span class=\"wpcf7-list-item-label\">Skype<\/span><\/span><span class=\"wpcf7-list-item\"><input type=\"checkbox\" name=\"meeting\" value=\"TeamViewer\" \/><span class=\"wpcf7-list-item-label\">TeamViewer<\/span><\/span><span class=\"wpcf7-list-item last\"><input type=\"checkbox\" name=\"meeting\" value=\"Not needed\" \/><span class=\"wpcf7-list-item-label\">Not needed<\/span><\/span><\/span><\/span><br \/>\n\t<br \/>\n<input class=\"wpcf7-form-control wpcf7-submit has-spinner\" type=\"submit\" value=\"Send\" \/><\/label>\n<\/p><div class=\"wpcf7-response-output\" aria-hidden=\"true\"><\/div>\n<\/form>\n<\/div>\n[\/vc_column][\/vc_row]\n","protected":false},"excerpt":{"rendered":"<p>[vc_row type=\u00a0\u00bbin_container\u00a0\u00bb full_screen_row_position=\u00a0\u00bbmiddle\u00a0\u00bb scene_position=\u00a0\u00bbcenter\u00a0\u00bb text_color=\u00a0\u00bbdark\u00a0\u00bb text_align=\u00a0\u00bbleft\u00a0\u00bb overlay_strength=\u00a0\u00bb0.3&Prime;][vc_column column_padding=\u00a0\u00bbno-extra-padding\u00a0\u00bb column_padding_position=\u00a0\u00bball\u00a0\u00bb background_color_opacity=\u00a0\u00bb1&Prime; background_hover_color_opacity=\u00a0\u00bb1&Prime; column_shadow=\u00a0\u00bbnone\u00a0\u00bb width=\u00a0\u00bb1\/1&Prime; tablet_text_alignment=\u00a0\u00bbdefault\u00a0\u00bb phone_text_alignment=\u00a0\u00bbdefault\u00a0\u00bb column_border_width=\u00a0\u00bbnone\u00a0\u00bb column_border_style=\u00a0\u00bbsolid\u00a0\u00bb][\/vc_column][\/vc_row]<\/p>\n","protected":false},"author":1,"featured_media":0,"parent":0,"menu_order":0,"comment_status":"closed","ping_status":"closed","template":"","meta":{"_themeisle_gutenberg_block_has_review":false,"footnotes":""},"class_list":["post-11098","page","type-page","status-publish"],"_links":{"self":[{"href":"https:\/\/microlay.com\/fr\/wp-json\/wp\/v2\/pages\/11098","targetHints":{"allow":["GET"]}}],"collection":[{"href":"https:\/\/microlay.com\/fr\/wp-json\/wp\/v2\/pages"}],"about":[{"href":"https:\/\/microlay.com\/fr\/wp-json\/wp\/v2\/types\/page"}],"author":[{"embeddable":true,"href":"https:\/\/microlay.com\/fr\/wp-json\/wp\/v2\/users\/1"}],"replies":[{"embeddable":true,"href":"https:\/\/microlay.com\/fr\/wp-json\/wp\/v2\/comments?post=11098"}],"version-history":[{"count":3,"href":"https:\/\/microlay.com\/fr\/wp-json\/wp\/v2\/pages\/11098\/revisions"}],"predecessor-version":[{"id":11182,"href":"https:\/\/microlay.com\/fr\/wp-json\/wp\/v2\/pages\/11098\/revisions\/11182"}],"wp:attachment":[{"href":"https:\/\/microlay.com\/fr\/wp-json\/wp\/v2\/media?parent=11098"}],"curies":[{"name":"wp","href":"https:\/\/api.w.org\/{rel}","templated":true}]}}