{"id":11093,"date":"2023-11-22T13:28:49","date_gmt":"2023-11-22T12:28:49","guid":{"rendered":"https:\/\/microlay.com\/a-propos-de\/"},"modified":"2023-11-22T13:28:52","modified_gmt":"2023-11-22T12:28:52","slug":"a-propos-de","status":"publish","type":"page","link":"https:\/\/microlay.com\/fr\/a-propos-de\/","title":{"rendered":"\u00c0 propos de"},"content":{"rendered":"[vc_row type=\u00a0\u00bbin_container\u00a0\u00bb full_screen_row_position=\u00a0\u00bbmiddle\u00a0\u00bb scene_position=\u00a0\u00bbcenter\u00a0\u00bb text_color=\u00a0\u00bbdark\u00a0\u00bb text_align=\u00a0\u00bbleft\u00a0\u00bb overlay_strength=\u00a0\u00bb0.3&Prime; shape_divider_position=\u00a0\u00bbbottom\u00a0\u00bb][vc_column column_padding=\u00a0\u00bbno-extra-padding\u00a0\u00bb column_padding_position=\u00a0\u00bball\u00a0\u00bb background_color_opacity=\u00a0\u00bb1&Prime; background_hover_color_opacity=\u00a0\u00bb1&Prime; column_link_target=\u00a0\u00bb_self\u00a0\u00bb column_shadow=\u00a0\u00bbnone\u00a0\u00bb column_border_radius=\u00a0\u00bbnone\u00a0\u00bb width=\u00a0\u00bb1\/1&Prime; tablet_width_inherit=\u00a0\u00bbdefault\u00a0\u00bb tablet_text_alignment=\u00a0\u00bbdefault\u00a0\u00bb phone_text_alignment=\u00a0\u00bbdefault\u00a0\u00bb column_border_width=\u00a0\u00bbnone\u00a0\u00bb column_border_style=\u00a0\u00bbsolid\u00a0\u00bb][vc_column_text]Microlay est n\u00e9e de la pr\u00e9occupation d&rsquo;un groupe de jeunes ing\u00e9nieurs et professionnels issus de diff\u00e9rents domaines, d\u00e9sireux de r\u00e9pondre \u00e0 la demande croissante de machines de fabrication additive destin\u00e9es \u00e0 des secteurs professionnels sp\u00e9cifiques. La plupart des membres de notre personnel proviennent de <a href=\"http:\/\/kitprinter3d.com\/\">KitPrinter3D<\/a>, pionnier dans la fabrication et la vente de kits d&rsquo;assemblage d&rsquo;imprimantes FDM en Espagne depuis 2013 et dans la vente du SolidRay, le premier kit d&rsquo;assemblage d&rsquo;imprimantes SLA \u00e0 bas prix en Europe.<\/p>\n<p>Dans notre vaste atelier m\u00e9canique situ\u00e9 dans la banlieue de Madrid, nous sommes en mesure de fabriquer nous-m\u00eames la plupart des pi\u00e8ces, ce qui nous permet de garantir que nos machines sont soumises \u00e0 un contr\u00f4le de qualit\u00e9 rigoureux.<\/p>\n<p>Ici, chez Microlay, nous sommes constamment \u00e0 l&rsquo;aff\u00fbt des nouveaux d\u00e9veloppements et des perc\u00e9es dans les domaines de l&rsquo;informatique, de la vision artificielle, de l&rsquo;\u00e9lectronique, de l&rsquo;IdO, de la RV et d&rsquo;autres technologies, et nous consid\u00e9rons la R&amp;D&amp;I comme le seul moyen d&rsquo;\u00eatre comp\u00e9titif sur un march\u00e9 mondial et dans une \u00e8re passionnante, dans laquelle les avanc\u00e9es technologiques frappent l&rsquo;industrie manufacturi\u00e8re \u00e0 une vitesse fulgurante, perturbant gravement les flux de travail.[\/vc_column_text][\/vc_column][\/vc_row][vc_row type=\u00a0\u00bbin_container\u00a0\u00bb full_screen_row_position=\u00a0\u00bbmiddle\u00a0\u00bb scene_position=\u00a0\u00bbcenter\u00a0\u00bb text_color=\u00a0\u00bbdark\u00a0\u00bb text_align=\u00a0\u00bbleft\u00a0\u00bb overlay_strength=\u00a0\u00bb0.3&Prime; shape_divider_position=\u00a0\u00bbbottom\u00a0\u00bb][vc_column column_padding=\u00a0\u00bbno-extra-padding\u00a0\u00bb column_padding_position=\u00a0\u00bball\u00a0\u00bb background_color_opacity=\u00a0\u00bb1&Prime; background_hover_color_opacity=\u00a0\u00bb1&Prime; column_link_target=\u00a0\u00bb_self\u00a0\u00bb column_shadow=\u00a0\u00bbnone\u00a0\u00bb column_border_radius=\u00a0\u00bbnone\u00a0\u00bb width=\u00a0\u00bb1\/1&Prime; tablet_width_inherit=\u00a0\u00bbdefault\u00a0\u00bb tablet_text_alignment=\u00a0\u00bbdefault\u00a0\u00bb phone_text_alignment=\u00a0\u00bbdefault\u00a0\u00bb column_border_width=\u00a0\u00bbnone\u00a0\u00bb column_border_style=\u00a0\u00bbsolid\u00a0\u00bb][nectar_gmap map_type=\u00a0\u00bbleaflet\u00a0\u00bb zoom=\u00a0\u00bb14&Prime; marker_style=\u00a0\u00bbnectar\u00a0\u00bb color=\u00a0\u00bbaccent-color\u00a0\u00bb marker_image=\u00a0\u00bb62&Prime; size=\u00a0\u00bb400&Prime; map_center_lat=\u00a0\u00bb40.3338834&Prime; map_center_lng=\u00a0\u00bb-3.7062365&Prime;][\/vc_column][\/vc_row]\n","protected":false},"excerpt":{"rendered":"<p>[vc_row type=\u00a0\u00bbin_container\u00a0\u00bb full_screen_row_position=\u00a0\u00bbmiddle\u00a0\u00bb scene_position=\u00a0\u00bbcenter\u00a0\u00bb text_color=\u00a0\u00bbdark\u00a0\u00bb text_align=\u00a0\u00bbleft\u00a0\u00bb overlay_strength=\u00a0\u00bb0.3&Prime; shape_divider_position=\u00a0\u00bbbottom\u00a0\u00bb][vc_column column_padding=\u00a0\u00bbno-extra-padding\u00a0\u00bb column_padding_position=\u00a0\u00bball\u00a0\u00bb background_color_opacity=\u00a0\u00bb1&Prime; background_hover_color_opacity=\u00a0\u00bb1&Prime; column_link_target=\u00a0\u00bb_self\u00a0\u00bb column_shadow=\u00a0\u00bbnone\u00a0\u00bb column_border_radius=\u00a0\u00bbnone\u00a0\u00bb width=\u00a0\u00bb1\/1&Prime; tablet_width_inherit=\u00a0\u00bbdefault\u00a0\u00bb tablet_text_alignment=\u00a0\u00bbdefault\u00a0\u00bb phone_text_alignment=\u00a0\u00bbdefault\u00a0\u00bb column_border_width=\u00a0\u00bbnone\u00a0\u00bb column_border_style=\u00a0\u00bbsolid\u00a0\u00bb][vc_column_text]Microlay est n\u00e9e de la pr\u00e9occupation d&rsquo;un groupe de jeunes&#8230;<\/p>\n","protected":false},"author":1,"featured_media":0,"parent":0,"menu_order":0,"comment_status":"closed","ping_status":"closed","template":"","meta":{"_themeisle_gutenberg_block_has_review":false,"footnotes":""},"class_list":["post-11093","page","type-page","status-publish"],"_links":{"self":[{"href":"https:\/\/microlay.com\/fr\/wp-json\/wp\/v2\/pages\/11093","targetHints":{"allow":["GET"]}}],"collection":[{"href":"https:\/\/microlay.com\/fr\/wp-json\/wp\/v2\/pages"}],"about":[{"href":"https:\/\/microlay.com\/fr\/wp-json\/wp\/v2\/types\/page"}],"author":[{"embeddable":true,"href":"https:\/\/microlay.com\/fr\/wp-json\/wp\/v2\/users\/1"}],"replies":[{"embeddable":true,"href":"https:\/\/microlay.com\/fr\/wp-json\/wp\/v2\/comments?post=11093"}],"version-history":[{"count":2,"href":"https:\/\/microlay.com\/fr\/wp-json\/wp\/v2\/pages\/11093\/revisions"}],"predecessor-version":[{"id":11107,"href":"https:\/\/microlay.com\/fr\/wp-json\/wp\/v2\/pages\/11093\/revisions\/11107"}],"wp:attachment":[{"href":"https:\/\/microlay.com\/fr\/wp-json\/wp\/v2\/media?parent=11093"}],"curies":[{"name":"wp","href":"https:\/\/api.w.org\/{rel}","templated":true}]}}