{"id":9992,"date":"2020-04-21T22:34:52","date_gmt":"2020-04-21T20:34:52","guid":{"rendered":"https:\/\/microlay.com\/?post_type=product&#038;p=9992\/"},"modified":"2023-09-11T10:28:01","modified_gmt":"2023-09-11T08:28:01","slug":"camara-de-post-procesado-otoflash-g-171-n2","status":"publish","type":"product","link":"https:\/\/microlay.com\/es\/producto\/camara-de-post-procesado-otoflash-g-171-n2\/","title":{"rendered":"C\u00e1mara de post-procesado Otoflash G-171 n2"},"content":{"rendered":"<div class=\"product-shop\">\n<div id=\"product-description\" class=\"product-description\">\n<p>La Otoflash G171 Std tiene dos flashes que emiten luz desde abajo hacia la c\u00e1mara de polimerizaci\u00f3n. Por lo tanto, es especialmente adecuado para su aplicaci\u00f3n en aplicaciones dentales, otopl\u00e1sticos y en la producci\u00f3n de joyer\u00eda. El dispositivo se puede utilizar para la fotopolimerizaci\u00f3n de todos los materiales fotocurables donde el curado tiene lugar a una longitud de onda de 280-580 nm.<\/p>\n<p>La potente luz flash combinada con el entorno espejado confieren un curado muy profundo y completo de piezas peque\u00f1as, lo que convierte este m\u00e1quina en la m\u00e1s usada en laboratorios dentales de todo el mundo.<\/p>\n<p>Con su configuraci\u00f3n t\u00e9cnica, el Otoflash G171 permite tiempos de curado cortos: en el modo operativo, dos l\u00e1mparas instaladas en la parte inferior producen diez destellos por segundo. La radiaci\u00f3n de luz en una longitud de onda de 280-580 nm es muy intensa. Comparado con otros m\u00e9todos, se logra un curado sustancialmente mejor, dando como resultado unas propiedades mec\u00e1nicas \u00f3ptimas y un contenido de mon\u00f3mero residual reducido (capa de inhibici\u00f3n).<\/p>\n<p>El Otoflash G171 Std tiene un medidor de tiempo transcurrido integrado, es f\u00e1cil de usar y es extremadamente f\u00e1cil de mantener.<\/p>\n<p><strong>Ventajas:<\/strong><\/p>\n<ul>\n<li>Dos l\u00e1mparas de flash que inciden en la c\u00e1mara de polimerizaci\u00f3n desde abajo para poder reducir los tiempos de polimerizaci\u00f3n.<\/li>\n<li>Amplio intervalo de longitud de onda de luz para endurecer \u00f3ptimamente la resina y conseguir las propiedades finales \u00f3ptimas en los materiales de impresi\u00f3n 3D.<\/li>\n<li>El dispositivo de protecci\u00f3n de gas evita la inhibici\u00f3n del ox\u00edgeno y permite la correcta polimerizaci\u00f3n de la superficie evitando la capa de inhibici\u00f3n\u00a0 de mon\u00f3mero residual t\u00f3xico en boca.<\/li>\n<li>La fotopolimerizadora tiene un temporizador integrado de uso sencillo y f\u00e1cil mantenimiento.<\/li>\n<li>Esta m\u00e1quina de NK Optik est\u00e1 validada por todos los fabricantes de materiales 3D biocompatibles para el post-procesado de sus resinas (Detax, GC, Dreve, Keystone, 3Delta&#8230;)<\/li>\n<\/ul>\n<\/div>\n<\/div>\n<div class=\"product-fichatecnica\">\n<div id=\"div_videos2\"><\/div>\n<\/div>\n","protected":false},"excerpt":{"rendered":"<p><span id=\"desccorta\">Disparador de flash para la polimerizaci\u00f3n r\u00e1pida y segura de impresiones 3D en atm\u00f3sfera de gas inerte. Tambi\u00e9n indicado para otros materiales fotopolimerizables en el intervalo de onda de luz 300-700 nm.<\/span><\/p>\n","protected":false},"featured_media":9995,"template":"","meta":{"_themeisle_gutenberg_block_has_review":false},"product_brand":[],"product_cat":[40],"product_tag":[],"class_list":{"0":"post-9992","1":"product","2":"type-product","3":"status-publish","4":"has-post-thumbnail","6":"product_cat-accesorios","8":"first","9":"instock","10":"sale","11":"taxable","12":"shipping-taxable","13":"purchasable","14":"product-type-simple"},"_links":{"self":[{"href":"https:\/\/microlay.com\/es\/wp-json\/wp\/v2\/product\/9992","targetHints":{"allow":["GET"]}}],"collection":[{"href":"https:\/\/microlay.com\/es\/wp-json\/wp\/v2\/product"}],"about":[{"href":"https:\/\/microlay.com\/es\/wp-json\/wp\/v2\/types\/product"}],"wp:featuredmedia":[{"embeddable":true,"href":"https:\/\/microlay.com\/es\/wp-json\/wp\/v2\/media\/9995"}],"wp:attachment":[{"href":"https:\/\/microlay.com\/es\/wp-json\/wp\/v2\/media?parent=9992"}],"wp:term":[{"taxonomy":"product_brand","embeddable":true,"href":"https:\/\/microlay.com\/es\/wp-json\/wp\/v2\/product_brand?post=9992"},{"taxonomy":"product_cat","embeddable":true,"href":"https:\/\/microlay.com\/es\/wp-json\/wp\/v2\/product_cat?post=9992"},{"taxonomy":"product_tag","embeddable":true,"href":"https:\/\/microlay.com\/es\/wp-json\/wp\/v2\/product_tag?post=9992"}],"curies":[{"name":"wp","href":"https:\/\/api.w.org\/{rel}","templated":true}]}}