{"id":9945,"date":"2020-04-20T23:15:35","date_gmt":"2020-04-20T21:15:35","guid":{"rendered":"https:\/\/microlay.com\/?post_type=product&#038;p=9945\/"},"modified":"2024-09-23T12:53:07","modified_gmt":"2024-09-23T10:53:07","slug":"microlay-versus-oferta","status":"publish","type":"product","link":"https:\/\/microlay.com\/es\/producto\/microlay-versus-oferta\/","title":{"rendered":"Microlay Versus 385 (Oferta limitada)"},"content":{"rendered":"<table class=\"wp-list-table widefat fixed striped toplevel_page_wpdatatables-administration\">\n<tbody id=\"the-list\">\n<tr>\n<td class=\"shortcode column-shortcode\" data-colname=\"Shortcode\"><span class=\"wdt-shortcode bgm-green\"><div class=\"wpdt-c\">\n    <div class=\"alert alert-danger m-10\" role=\"alert\">\n        <span class=\"wdt-alert-title f-600\">Error<br><\/span>\n        <span class=\"wdt-alert-subtitle\">You are trying to load a table of an unknown type. Probably you did not activate the addon which is required to use this table type.<\/span>\n    <\/div>\n<\/div><\/span><\/td>\n<\/tr>\n<\/tbody>\n<\/table>\n<a class=\"nectar-button n-sc-button large accent-color regular-button\" target=\"_blank\" href=\"http:\/\/microlay.com\/es\/microlay-versus-dental-3d-printer\/\" data-color-override=\"false\" data-hover-color-override=\"false\" data-hover-text-color-override=\"#fff\"><span>Toda la informaci\u00f3n<\/span><\/a>\n","protected":false},"excerpt":{"rendered":"<p>Microlay Versus 385 es una impresora 3D de tecnolog\u00eda DLP espec\u00edficamente dise\u00f1ada para satisfacer las demandas m\u00e1s exigentes tanto de laboratorios como de cl\u00ednicas dentales. Una impresora abierta con un librer\u00eda de m\u00e1s de 130 materiales de fabricantes como Detax, Dentona, NextDent, Keystone, GC o Bego entre otros<\/p>\n<p>El precio de la oferta est\u00e1 sujeto a una cantidad limitada de unidades e incluye instalaci\u00f3n y formaci\u00f3n online y la posibilidad de imprimir con una extensa aunque limitada lista de materiales de impresi\u00f3n.<\/p>\n[button open_new_tab=\"true\" color=\"accent-color\" hover_text_color_override=\"#fff\" size=\"large\" url=\"https:\/\/microlay.com\/es\/microlay-versus-dental-3d-printer\/\" text=\"Toda la informaci\u00f3n\" color_override=\"\"]\n","protected":false},"featured_media":9958,"template":"","meta":{"_themeisle_gutenberg_block_has_review":false},"product_brand":[],"product_cat":[39],"product_tag":[],"class_list":{"0":"post-9945","1":"product","2":"type-product","3":"status-publish","4":"has-post-thumbnail","6":"product_cat-impresoras-3d","7":"product_shipping_class-envio-express","9":"first","10":"instock","11":"sale","12":"featured","13":"taxable","14":"shipping-taxable","15":"purchasable","16":"product-type-simple"},"_links":{"self":[{"href":"https:\/\/microlay.com\/es\/wp-json\/wp\/v2\/product\/9945","targetHints":{"allow":["GET"]}}],"collection":[{"href":"https:\/\/microlay.com\/es\/wp-json\/wp\/v2\/product"}],"about":[{"href":"https:\/\/microlay.com\/es\/wp-json\/wp\/v2\/types\/product"}],"wp:featuredmedia":[{"embeddable":true,"href":"https:\/\/microlay.com\/es\/wp-json\/wp\/v2\/media\/9958"}],"wp:attachment":[{"href":"https:\/\/microlay.com\/es\/wp-json\/wp\/v2\/media?parent=9945"}],"wp:term":[{"taxonomy":"product_brand","embeddable":true,"href":"https:\/\/microlay.com\/es\/wp-json\/wp\/v2\/product_brand?post=9945"},{"taxonomy":"product_cat","embeddable":true,"href":"https:\/\/microlay.com\/es\/wp-json\/wp\/v2\/product_cat?post=9945"},{"taxonomy":"product_tag","embeddable":true,"href":"https:\/\/microlay.com\/es\/wp-json\/wp\/v2\/product_tag?post=9945"}],"curies":[{"name":"wp","href":"https:\/\/api.w.org\/{rel}","templated":true}]}}