{"id":9936,"date":"2020-04-20T22:32:04","date_gmt":"2020-04-20T20:32:04","guid":{"rendered":"https:\/\/microlay.com\/?post_type=product&#038;p=9936\/"},"modified":"2023-11-06T12:23:21","modified_gmt":"2023-11-06T11:23:21","slug":"microlay-eve","status":"publish","type":"product","link":"https:\/\/microlay.com\/es\/producto\/microlay-eve\/","title":{"rendered":"Microlay Eve"},"content":{"rendered":"<table class=\"wp-list-table widefat fixed striped toplevel_page_wpdatatables-administration\">\n<tbody id=\"the-list\">\n<tr>\n<td class=\"shortcode column-shortcode\" data-colname=\"Shortcode\"><span class=\"wdt-shortcode bgm-green\"><div class=\"wpdt-c\">\n    <div class=\"alert alert-danger m-10\" role=\"alert\">\n        <span class=\"wdt-alert-title f-600\">Error<br><\/span>\n        <span class=\"wdt-alert-subtitle\">You are trying to load a table of an unknown type. Probably you did not activate the addon which is required to use this table type.<\/span>\n    <\/div>\n<\/div><\/span><\/td>\n<\/tr>\n<\/tbody>\n<\/table>\n<a class=\"nectar-button n-sc-button large accent-color regular-button\" target=\"_blank\" href=\"http:\/\/microlay.com\/es\/impresora-3d-dental-microlay-eve\/\" data-color-override=\"false\" data-hover-color-override=\"false\" data-hover-text-color-override=\"#fff\"><span>Toda la informaci\u00f3n<\/span><\/a>\n","protected":false},"excerpt":{"rendered":"<p>La Microlay Eve ha sido concebida para el laboratorio peque\u00f1o y mediano que busque digitalizar su flujo de trabajo de forma escalable sin asumir una gran inversi\u00f3n y sin renunciar a la precisi\u00f3n ni fiabilidad necesaria para el trabajo diario.<\/p>\n","protected":false},"featured_media":9954,"template":"","meta":{"_themeisle_gutenberg_block_has_review":false},"product_brand":[],"product_cat":[39],"product_tag":[],"class_list":{"0":"post-9936","1":"product","2":"type-product","3":"status-publish","4":"has-post-thumbnail","6":"product_cat-impresoras-3d","7":"product_shipping_class-envio-express","9":"first","10":"instock","11":"taxable","12":"shipping-taxable","13":"purchasable","14":"product-type-simple"},"_links":{"self":[{"href":"https:\/\/microlay.com\/es\/wp-json\/wp\/v2\/product\/9936","targetHints":{"allow":["GET"]}}],"collection":[{"href":"https:\/\/microlay.com\/es\/wp-json\/wp\/v2\/product"}],"about":[{"href":"https:\/\/microlay.com\/es\/wp-json\/wp\/v2\/types\/product"}],"wp:featuredmedia":[{"embeddable":true,"href":"https:\/\/microlay.com\/es\/wp-json\/wp\/v2\/media\/9954"}],"wp:attachment":[{"href":"https:\/\/microlay.com\/es\/wp-json\/wp\/v2\/media?parent=9936"}],"wp:term":[{"taxonomy":"product_brand","embeddable":true,"href":"https:\/\/microlay.com\/es\/wp-json\/wp\/v2\/product_brand?post=9936"},{"taxonomy":"product_cat","embeddable":true,"href":"https:\/\/microlay.com\/es\/wp-json\/wp\/v2\/product_cat?post=9936"},{"taxonomy":"product_tag","embeddable":true,"href":"https:\/\/microlay.com\/es\/wp-json\/wp\/v2\/product_tag?post=9936"}],"curies":[{"name":"wp","href":"https:\/\/api.w.org\/{rel}","templated":true}]}}