{"id":10845,"date":"2021-05-05T16:44:04","date_gmt":"2021-05-05T14:44:04","guid":{"rendered":"https:\/\/microlay.com\/?post_type=product&#038;p=10845"},"modified":"2021-05-05T16:55:14","modified_gmt":"2021-05-05T14:55:14","slug":"microlay-eve-pro","status":"publish","type":"product","link":"https:\/\/microlay.com\/es\/producto\/microlay-eve-pro\/","title":{"rendered":"Microlay Eve PRO"},"content":{"rendered":"<table class=\"wp-list-table widefat fixed striped toplevel_page_wpdatatables-administration\">\n<tbody id=\"the-list\">\n<tr>\n<td class=\"shortcode column-shortcode\" data-colname=\"Shortcode\"><span class=\"wdt-shortcode bgm-green\"><div class=\"wpdt-c\">\n    <div class=\"alert alert-danger m-10\" role=\"alert\">\n        <span class=\"wdt-alert-title f-600\">Error<br><\/span>\n        <span class=\"wdt-alert-subtitle\">You are trying to load a table of an unknown type. Probably you did not activate the addon which is required to use this table type.<\/span>\n    <\/div>\n<\/div><\/span><\/td>\n<\/tr>\n<\/tbody>\n<\/table>\n<a class=\"nectar-button n-sc-button large accent-color regular-button\" target=\"_blank\" href=\"http:\/\/microlay.com\/es\/impresora-3d-dental-microlay-eve-pro\/\" data-color-override=\"false\" data-hover-color-override=\"false\" data-hover-text-color-override=\"#fff\"><span>Toda la informaci\u00f3n<\/span><\/a>\n","protected":false},"excerpt":{"rendered":"<p>La nueva Microlay Eve PRO mejora la velocidad de impresi\u00f3n hasta 2 veces respecto a la versi\u00f3n anterior y minimiza el deterioro de la pantalla LCD al reducir la necesidad de mantenimiento. Adem\u00e1s, el \u00e1rea de impresi\u00f3n aumenta hasta 128x78mm.<\/p>\n<p>Esta impresora 3D ha sido dise\u00f1ada para el peque\u00f1o y mediano laboratorio que busca digitalizar su flujo de trabajo de forma escalable, sin grandes inversiones y sin comprometer la precisi\u00f3n y fiabilidad necesarias para el trabajo diario.<\/p>\n","protected":false},"featured_media":9954,"template":"","meta":{"_themeisle_gutenberg_block_has_review":false},"product_brand":[],"product_cat":[39],"product_tag":[],"class_list":{"0":"post-10845","1":"product","2":"type-product","3":"status-publish","4":"has-post-thumbnail","6":"product_cat-impresoras-3d","8":"first","9":"instock","10":"taxable","11":"shipping-taxable","12":"purchasable","13":"product-type-simple"},"_links":{"self":[{"href":"https:\/\/microlay.com\/es\/wp-json\/wp\/v2\/product\/10845","targetHints":{"allow":["GET"]}}],"collection":[{"href":"https:\/\/microlay.com\/es\/wp-json\/wp\/v2\/product"}],"about":[{"href":"https:\/\/microlay.com\/es\/wp-json\/wp\/v2\/types\/product"}],"wp:featuredmedia":[{"embeddable":true,"href":"https:\/\/microlay.com\/es\/wp-json\/wp\/v2\/media\/9954"}],"wp:attachment":[{"href":"https:\/\/microlay.com\/es\/wp-json\/wp\/v2\/media?parent=10845"}],"wp:term":[{"taxonomy":"product_brand","embeddable":true,"href":"https:\/\/microlay.com\/es\/wp-json\/wp\/v2\/product_brand?post=10845"},{"taxonomy":"product_cat","embeddable":true,"href":"https:\/\/microlay.com\/es\/wp-json\/wp\/v2\/product_cat?post=10845"},{"taxonomy":"product_tag","embeddable":true,"href":"https:\/\/microlay.com\/es\/wp-json\/wp\/v2\/product_tag?post=10845"}],"curies":[{"name":"wp","href":"https:\/\/api.w.org\/{rel}","templated":true}]}}