{"id":3992,"date":"2019-09-02T11:34:45","date_gmt":"2019-09-02T09:34:45","guid":{"rendered":"https:\/\/microlay.com\/nosotros-2\/"},"modified":"2019-09-02T11:47:17","modified_gmt":"2019-09-02T09:47:17","slug":"nosotros","status":"publish","type":"page","link":"https:\/\/microlay.com\/es\/nosotros\/","title":{"rendered":"Nosotros"},"content":{"rendered":"[vc_row type=\u00bbin_container\u00bb full_screen_row_position=\u00bbmiddle\u00bb scene_position=\u00bbcenter\u00bb text_color=\u00bbdark\u00bb text_align=\u00bbleft\u00bb overlay_strength=\u00bb0.3&#8243; shape_divider_position=\u00bbbottom\u00bb][vc_column column_padding=\u00bbno-extra-padding\u00bb column_padding_position=\u00bball\u00bb background_color_opacity=\u00bb1&#8243; background_hover_color_opacity=\u00bb1&#8243; column_link_target=\u00bb_self\u00bb column_shadow=\u00bbnone\u00bb column_border_radius=\u00bbnone\u00bb width=\u00bb1\/1&#8243; tablet_width_inherit=\u00bbdefault\u00bb tablet_text_alignment=\u00bbdefault\u00bb phone_text_alignment=\u00bbdefault\u00bb column_border_width=\u00bbnone\u00bb column_border_style=\u00bbsolid\u00bb][vc_column_text]Microlay nace de la inquietud de un joven grupo de ingenieros y profesionales de distintas disciplinas para dar respuesta a una creciente demanda de m\u00e1quinas de fabricaci\u00f3n aditiva dedicadas para sectores profesionales concretos. El staff proviene en su mayor parte de KitPrinter3D, empresa pionera en Espa\u00f1a para la venta y fabricaci\u00f3n de kits de impresoras FDM desde 2013 y pionera en Europa al poner a la venta la SolidRay, el primer kit de impresora SLA de bajo coste.<\/p>\n<p>Gracias a nuestro completo taller mec\u00e1nico en las afueras de Madrid somos capaces de producir la mayor\u00eda de las partes, obteniendo de esta forma un control exhaustivo de calidad en la fabricaci\u00f3n de nuestras m\u00e1quinas.<\/p>\n<p>En Microlay estamos muy atentos a\u00a0los nuevos avances en la computaci\u00f3n, visi\u00f3n artificial, electr\u00f3nica, IoT o VR entre otras tecnolog\u00edas, creemos que el I+D+i es la \u00fanica forma de competir en un mercado cada vez m\u00e1s global y en un momento fascinante donde los cambios tecnol\u00f3gicos sacuden los flujos de trabajo\u00a0con una rapidez vertiginosa.[\/vc_column_text][\/vc_column][\/vc_row][vc_row type=\u00bbin_container\u00bb full_screen_row_position=\u00bbmiddle\u00bb scene_position=\u00bbcenter\u00bb text_color=\u00bbdark\u00bb text_align=\u00bbleft\u00bb overlay_strength=\u00bb0.3&#8243; shape_divider_position=\u00bbbottom\u00bb][vc_column column_padding=\u00bbno-extra-padding\u00bb column_padding_position=\u00bball\u00bb background_color_opacity=\u00bb1&#8243; background_hover_color_opacity=\u00bb1&#8243; column_link_target=\u00bb_self\u00bb column_shadow=\u00bbnone\u00bb column_border_radius=\u00bbnone\u00bb width=\u00bb1\/1&#8243; tablet_width_inherit=\u00bbdefault\u00bb tablet_text_alignment=\u00bbdefault\u00bb phone_text_alignment=\u00bbdefault\u00bb column_border_width=\u00bbnone\u00bb column_border_style=\u00bbsolid\u00bb][nectar_gmap map_type=\u00bbleaflet\u00bb zoom=\u00bb14&#8243; marker_style=\u00bbnectar\u00bb color=\u00bbaccent-color\u00bb marker_image=\u00bb62&#8243; size=\u00bb400&#8243; map_center_lat=\u00bb40.3338834&#8243; map_center_lng=\u00bb-3.7062365&#8243;][\/vc_column][\/vc_row]\n","protected":false},"excerpt":{"rendered":"<p>[vc_row type=\u00bbin_container\u00bb full_screen_row_position=\u00bbmiddle\u00bb scene_position=\u00bbcenter\u00bb text_color=\u00bbdark\u00bb text_align=\u00bbleft\u00bb overlay_strength=\u00bb0.3&#8243; shape_divider_position=\u00bbbottom\u00bb][vc_column column_padding=\u00bbno-extra-padding\u00bb column_padding_position=\u00bball\u00bb background_color_opacity=\u00bb1&#8243; background_hover_color_opacity=\u00bb1&#8243; column_link_target=\u00bb_self\u00bb column_shadow=\u00bbnone\u00bb column_border_radius=\u00bbnone\u00bb width=\u00bb1\/1&#8243; tablet_width_inherit=\u00bbdefault\u00bb tablet_text_alignment=\u00bbdefault\u00bb phone_text_alignment=\u00bbdefault\u00bb column_border_width=\u00bbnone\u00bb column_border_style=\u00bbsolid\u00bb][vc_column_text]Microlay nace de la inquietud de un joven grupo de&#8230;<\/p>\n","protected":false},"author":1,"featured_media":0,"parent":0,"menu_order":0,"comment_status":"closed","ping_status":"closed","template":"","meta":{"_themeisle_gutenberg_block_has_review":false,"footnotes":""},"class_list":["post-3992","page","type-page","status-publish"],"_links":{"self":[{"href":"https:\/\/microlay.com\/es\/wp-json\/wp\/v2\/pages\/3992","targetHints":{"allow":["GET"]}}],"collection":[{"href":"https:\/\/microlay.com\/es\/wp-json\/wp\/v2\/pages"}],"about":[{"href":"https:\/\/microlay.com\/es\/wp-json\/wp\/v2\/types\/page"}],"author":[{"embeddable":true,"href":"https:\/\/microlay.com\/es\/wp-json\/wp\/v2\/users\/1"}],"replies":[{"embeddable":true,"href":"https:\/\/microlay.com\/es\/wp-json\/wp\/v2\/comments?post=3992"}],"version-history":[{"count":0,"href":"https:\/\/microlay.com\/es\/wp-json\/wp\/v2\/pages\/3992\/revisions"}],"wp:attachment":[{"href":"https:\/\/microlay.com\/es\/wp-json\/wp\/v2\/media?parent=3992"}],"curies":[{"name":"wp","href":"https:\/\/api.w.org\/{rel}","templated":true}]}}