{"id":2633,"date":"2019-07-20T23:22:07","date_gmt":"2019-07-20T21:22:07","guid":{"rendered":"https:\/\/microlay.com\/?page_id=2633"},"modified":"2019-09-01T18:35:16","modified_gmt":"2019-09-01T16:35:16","slug":"envio_archivos","status":"publish","type":"page","link":"https:\/\/microlay.com\/es\/envio_archivos\/","title":{"rendered":"Env\u00edo de archivos"},"content":{"rendered":"[vc_row type=\u00bbin_container\u00bb full_screen_row_position=\u00bbmiddle\u00bb scene_position=\u00bbcenter\u00bb text_color=\u00bbdark\u00bb text_align=\u00bbleft\u00bb overlay_strength=\u00bb0.3&#8243; shape_divider_position=\u00bbbottom\u00bb bg_image_animation=\u00bbnone\u00bb][vc_column column_padding=\u00bbno-extra-padding\u00bb column_padding_position=\u00bball\u00bb background_color_opacity=\u00bb1&#8243; background_hover_color_opacity=\u00bb1&#8243; column_link_target=\u00bb_self\u00bb column_shadow=\u00bbnone\u00bb column_border_radius=\u00bbnone\u00bb width=\u00bb1\/1&#8243; tablet_width_inherit=\u00bbdefault\u00bb tablet_text_alignment=\u00bbdefault\u00bb phone_text_alignment=\u00bbdefault\u00bb column_border_width=\u00bbnone\u00bb column_border_style=\u00bbsolid\u00bb bg_image_animation=\u00bbnone\u00bb]<div class=\"iwithtext\"><div class=\"iwt-icon\"> <i class=\"icon-default-style fa fa-exclamation-triangle accent-color\"><\/i> <\/div><div class=\"iwt-text\"> \n<h3>Gu\u00eda de dise\u00f1o<\/h3>\n<p>A continuaci\u00f3n ver\u00e1s algunas indicaciones que debes seguir en el dise\u00f1o para que podamos aceptar el trabajo.<\/p>\n<h4>Modelos<\/h4>\n<ul>\n<li>Elige <strong>modelos huecos<\/strong> para el dise\u00f1o, con un espesor de pared entre 1.5 y 2.5mm<\/li>\n<li>Usa articuladores sin mucha superficie. La resina fotopolimerizable tiende a encoger un poco al ser impresa, aunque usamos algoritmos para corregir estas desviaciones lo mejor es evitar las grandes \u00e1reas tales como z\u00f3calos con mucha superficie. La calidad de impresi\u00f3n se podr\u00eda ver comprometida.<\/li>\n<li>Revisa que las mallas de los STL no tengan problemas tales como agujeros o v\u00e9rtices duplicados. Para ello puedes usar aplicaciones gratuitas tales como <a href=\"http:\/\/www.meshmixer.com\/\">Meshmixer,<\/a>\u00a03D builder (ya incluida en Windows 10) o herramientas online como la de <a href=\"https:\/\/tools3d.azurewebsites.net\/\">Microsoft<\/a><\/li>\n<li>Si usas Exocad puedes importar <a href=\"http:\/\/microlay.com\/files\/centro_de_impresion\/microlay_modelcreator.zip\">esta carpeta<\/a> como una librer\u00eda con los par\u00e1metros \u00f3ptimos para nuestras impresoras.<\/li>\n<li>La distancia elegida entre mu\u00f1\u00f3n y modelo debe ser entre 0.04 y 0.06mm<\/li>\n<li>La tolerancia para la biblioteca de an\u00e1logos debe ser de 20-25 micras.<\/li>\n<\/ul>\n<h4>Puentes, coronas y f\u00e9rulas<\/h4>\n<ul>\n<li>Espesor m\u00ednimo de pared: 0.6mm<\/li>\n<\/ul>\n <\/div><div class=\"clear\"><\/div><\/div>[\/vc_column][\/vc_row][vc_row type=\u00bbin_container\u00bb full_screen_row_position=\u00bbmiddle\u00bb scene_position=\u00bbcenter\u00bb text_color=\u00bbdark\u00bb text_align=\u00bbleft\u00bb overlay_strength=\u00bb0.3&#8243; shape_divider_position=\u00bbbottom\u00bb bg_image_animation=\u00bbnone\u00bb][vc_column column_padding=\u00bbno-extra-padding\u00bb column_padding_position=\u00bball\u00bb background_color_opacity=\u00bb1&#8243; background_hover_color_opacity=\u00bb1&#8243; column_link_target=\u00bb_self\u00bb column_shadow=\u00bbnone\u00bb column_border_radius=\u00bbnone\u00bb width=\u00bb1\/1&#8243; tablet_width_inherit=\u00bbdefault\u00bb tablet_text_alignment=\u00bbdefault\u00bb phone_text_alignment=\u00bbdefault\u00bb column_border_width=\u00bbnone\u00bb column_border_style=\u00bbsolid\u00bb bg_image_animation=\u00bbnone\u00bb]<p class=\"wpcf7-subscribers-only\">Este formulario de contacto solo est\u00e1 disponible para usuarios registrados.<\/p>[\/vc_column][\/vc_row]\n","protected":false},"excerpt":{"rendered":"<p>[vc_row type=\u00bbin_container\u00bb full_screen_row_position=\u00bbmiddle\u00bb scene_position=\u00bbcenter\u00bb text_color=\u00bbdark\u00bb text_align=\u00bbleft\u00bb overlay_strength=\u00bb0.3&#8243; shape_divider_position=\u00bbbottom\u00bb bg_image_animation=\u00bbnone\u00bb][vc_column column_padding=\u00bbno-extra-padding\u00bb column_padding_position=\u00bball\u00bb background_color_opacity=\u00bb1&#8243; background_hover_color_opacity=\u00bb1&#8243; column_link_target=\u00bb_self\u00bb column_shadow=\u00bbnone\u00bb column_border_radius=\u00bbnone\u00bb width=\u00bb1\/1&#8243; tablet_width_inherit=\u00bbdefault\u00bb tablet_text_alignment=\u00bbdefault\u00bb phone_text_alignment=\u00bbdefault\u00bb column_border_width=\u00bbnone\u00bb column_border_style=\u00bbsolid\u00bb bg_image_animation=\u00bbnone\u00bb][\/vc_column][\/vc_row][vc_row type=\u00bbin_container\u00bb full_screen_row_position=\u00bbmiddle\u00bb scene_position=\u00bbcenter\u00bb text_color=\u00bbdark\u00bb text_align=\u00bbleft\u00bb overlay_strength=\u00bb0.3&#8243; shape_divider_position=\u00bbbottom\u00bb&#8230;<\/p>\n","protected":false},"author":1,"featured_media":0,"parent":0,"menu_order":0,"comment_status":"closed","ping_status":"closed","template":"","meta":{"_themeisle_gutenberg_block_has_review":false,"footnotes":""},"class_list":["post-2633","page","type-page","status-publish"],"_links":{"self":[{"href":"https:\/\/microlay.com\/es\/wp-json\/wp\/v2\/pages\/2633","targetHints":{"allow":["GET"]}}],"collection":[{"href":"https:\/\/microlay.com\/es\/wp-json\/wp\/v2\/pages"}],"about":[{"href":"https:\/\/microlay.com\/es\/wp-json\/wp\/v2\/types\/page"}],"author":[{"embeddable":true,"href":"https:\/\/microlay.com\/es\/wp-json\/wp\/v2\/users\/1"}],"replies":[{"embeddable":true,"href":"https:\/\/microlay.com\/es\/wp-json\/wp\/v2\/comments?post=2633"}],"version-history":[{"count":0,"href":"https:\/\/microlay.com\/es\/wp-json\/wp\/v2\/pages\/2633\/revisions"}],"wp:attachment":[{"href":"https:\/\/microlay.com\/es\/wp-json\/wp\/v2\/media?parent=2633"}],"curies":[{"name":"wp","href":"https:\/\/api.w.org\/{rel}","templated":true}]}}