{"id":11211,"date":"2023-11-22T13:29:49","date_gmt":"2023-11-22T12:29:49","guid":{"rendered":"https:\/\/microlay.com\/microform-ultima-version\/"},"modified":"2023-11-22T13:29:49","modified_gmt":"2023-11-22T12:29:49","slug":"microform-ultima-version","status":"publish","type":"page","link":"https:\/\/microlay.com\/es\/microform-ultima-version\/","title":{"rendered":"MicroForm\u00ae \u00daltima versi\u00f3n"},"content":{"rendered":"<p>Descargue <a href=\"https:\/\/www.dropbox.com\/sh\/h6qcnnue34tw4ww\/AAAl-a40ox40rupT7177i68la?dl=0\">aqu\u00ed<\/a> la \u00faltima versi\u00f3n<\/p>\n","protected":false},"excerpt":{"rendered":"<p>Descargue aqu\u00ed la \u00faltima versi\u00f3n<\/p>\n","protected":false},"author":1,"featured_media":0,"parent":0,"menu_order":0,"comment_status":"closed","ping_status":"closed","template":"","meta":{"_themeisle_gutenberg_block_has_review":false,"footnotes":""},"class_list":["post-11211","page","type-page","status-publish"],"_links":{"self":[{"href":"https:\/\/microlay.com\/es\/wp-json\/wp\/v2\/pages\/11211","targetHints":{"allow":["GET"]}}],"collection":[{"href":"https:\/\/microlay.com\/es\/wp-json\/wp\/v2\/pages"}],"about":[{"href":"https:\/\/microlay.com\/es\/wp-json\/wp\/v2\/types\/page"}],"author":[{"embeddable":true,"href":"https:\/\/microlay.com\/es\/wp-json\/wp\/v2\/users\/1"}],"replies":[{"embeddable":true,"href":"https:\/\/microlay.com\/es\/wp-json\/wp\/v2\/comments?post=11211"}],"version-history":[{"count":0,"href":"https:\/\/microlay.com\/es\/wp-json\/wp\/v2\/pages\/11211\/revisions"}],"wp:attachment":[{"href":"https:\/\/microlay.com\/es\/wp-json\/wp\/v2\/media?parent=11211"}],"curies":[{"name":"wp","href":"https:\/\/api.w.org\/{rel}","templated":true}]}}