{"id":11183,"date":"2023-11-22T13:29:43","date_gmt":"2023-11-22T12:29:43","guid":{"rendered":"https:\/\/microlay.com\/fail-print-ticket-de-soporte\/"},"modified":"2023-11-22T13:29:54","modified_gmt":"2023-11-22T12:29:54","slug":"fail-print-ticket-de-soporte","status":"publish","type":"page","link":"https:\/\/microlay.com\/es\/fail-print-ticket-de-soporte\/","title":{"rendered":"Fail Print Ticket de soporte"},"content":{"rendered":"[vc_row type=\u00bbin_container\u00bb full_screen_row_position=\u00bbmiddle\u00bb scene_position=\u00bbcenter\u00bb text_color=\u00bbdark\u00bb text_align=\u00bbleft\u00bb overlay_strength=\u00bb0.3&#8243;][vc_column column_padding=\u00bbno-extra-padding\u00bb column_padding_position=\u00bball\u00bb background_color_opacity=\u00bb1&#8243; background_hover_color_opacity=\u00bb1&#8243; column_shadow=\u00bbnone\u00bb width=\u00bb1\/1&#8243; tablet_text_alignment=\u00bbdefault\u00bb phone_text_alignment=\u00bbdefault\u00bb column_border_width=\u00bbnone\u00bb column_border_style=\u00bbsolid\u00bb]\n<div class=\"wpcf7 no-js\" id=\"wpcf7-f11445-o1\" lang=\"es-ES\" dir=\"ltr\" data-wpcf7-id=\"11445\">\n<div class=\"screen-reader-response\"><p role=\"status\" aria-live=\"polite\" aria-atomic=\"true\"><\/p> <ul><\/ul><\/div>\n<form action=\"\/es\/wp-json\/wp\/v2\/pages\/11183#wpcf7-f11445-o1\" method=\"post\" class=\"wpcf7-form init\" aria-label=\"Formulario de contacto\" enctype=\"multipart\/form-data\" novalidate=\"novalidate\" data-status=\"init\">\n<fieldset class=\"hidden-fields-container\"><input type=\"hidden\" name=\"_wpcf7\" value=\"11445\" \/><input type=\"hidden\" name=\"_wpcf7_version\" value=\"6.1.5\" \/><input type=\"hidden\" name=\"_wpcf7_locale\" value=\"es_ES\" \/><input type=\"hidden\" name=\"_wpcf7_unit_tag\" value=\"wpcf7-f11445-o1\" \/><input type=\"hidden\" name=\"_wpcf7_container_post\" value=\"0\" \/><input type=\"hidden\" name=\"_wpcf7_posted_data_hash\" value=\"\" \/><input type=\"hidden\" name=\"_wpcf7_recaptcha_response\" value=\"\" \/>\n<\/fieldset>\n<p><label> N\u00famero de serie* (Encu\u00e9ntrelo en la placa del panel posterior) (obligatorio)<br \/>\n<span class=\"wpcf7-form-control-wrap\" data-name=\"SerialNumber\"><input class=\"wpcf7-form-control wpcf7-number wpcf7-validates-as-required wpcf7-validates-as-number\" id=\"serialnumber\" min=\"01\" max=\"200\" aria-required=\"true\" aria-invalid=\"false\" value=\"00\" type=\"number\" name=\"SerialNumber\" \/><\/span> <\/label><br \/>\n<label> Nombre de la empresa* (obligatorio)<br \/>\n<span class=\"wpcf7-form-control-wrap\" data-name=\"company\"><input size=\"40\" maxlength=\"400\" class=\"wpcf7-form-control wpcf7-text wpcf7-validates-as-required\" aria-required=\"true\" aria-invalid=\"false\" value=\"\" type=\"text\" name=\"company\" \/><\/span> <\/label><br \/>\n<label> Nombre del perfil utilizado* (obligatorio)<br \/>\n<span class=\"wpcf7-form-control-wrap\" data-name=\"profile\"><input size=\"40\" maxlength=\"400\" class=\"wpcf7-form-control wpcf7-text wpcf7-validates-as-required\" aria-required=\"true\" aria-invalid=\"false\" value=\"\" type=\"text\" name=\"profile\" \/><\/span> <\/label><br \/>\n<label> Resina utilizada* (obligatorio)<br \/>\n<span class=\"wpcf7-form-control-wrap\" data-name=\"resin\"><input size=\"40\" maxlength=\"400\" class=\"wpcf7-form-control wpcf7-text wpcf7-validates-as-required\" aria-required=\"true\" aria-invalid=\"false\" value=\"\" type=\"text\" name=\"resin\" \/><\/span> <\/label><br \/>\n<label> Imagen 1 del problema* (obligatoria)<br \/>\n<span class=\"wpcf7-form-control-wrap\" data-name=\"picture1\"><input size=\"40\" class=\"wpcf7-form-control wpcf7-file wpcf7-validates-as-required\" accept=\"audio\/*,video\/*,image\/*\" aria-required=\"true\" aria-invalid=\"false\" type=\"file\" name=\"picture1\" \/><\/span> <\/label><br \/>\n<label> Imagen 2 del problema<br \/>\n<span class=\"wpcf7-form-control-wrap\" data-name=\"picture2\"><input size=\"40\" class=\"wpcf7-form-control wpcf7-file\" accept=\"audio\/*,video\/*,image\/*\" aria-invalid=\"false\" type=\"file\" name=\"picture2\" \/><\/span> <\/label><br \/>\n<label> Imagen 3 del problema<br \/>\n<span class=\"wpcf7-form-control-wrap\" data-name=\"picture3\"><input size=\"40\" class=\"wpcf7-form-control wpcf7-file\" accept=\"audio\/*,video\/*,image\/*\" aria-invalid=\"false\" type=\"file\" name=\"picture3\" \/><\/span> <\/label><br \/>\n<label> Su correo electr\u00f3nico* (obligatorio)<br \/>\n<span class=\"wpcf7-form-control-wrap\" data-name=\"your-email\"><input size=\"40\" maxlength=\"400\" class=\"wpcf7-form-control wpcf7-email wpcf7-validates-as-required wpcf7-text wpcf7-validates-as-email\" aria-required=\"true\" aria-invalid=\"false\" value=\"\" type=\"email\" name=\"your-email\" \/><\/span> <\/label>\n<\/p>\n<p><label> Describa el problema*.<br \/>\n<span class=\"wpcf7-form-control-wrap\" data-name=\"your-message\"><textarea cols=\"40\" rows=\"10\" maxlength=\"2000\" class=\"wpcf7-form-control wpcf7-textarea\" aria-invalid=\"false\" name=\"your-message\"><\/textarea><\/span> <\/label>\n<\/p>\n<p>ELIJA UNA OPCI\u00d3N:<br \/>\n<label>STL o SLC ZIPPED (OPCI\u00d3N 1)<br \/>\n<span class=\"wpcf7-form-control-wrap\" data-name=\"stl\"><input size=\"40\" class=\"wpcf7-form-control wpcf7-file\" accept=\".zip,.stl,.slc\" aria-invalid=\"false\" type=\"file\" name=\"stl\" \/><\/span><\/label><br \/>\n<label>Enlace a STL o SLC (en caso de que el archivo STL sea demasiado grande) (OPCI\u00d3N 2)<br \/>\n<span class=\"wpcf7-form-control-wrap\" data-name=\"link_stl\"><input size=\"40\" maxlength=\"400\" class=\"wpcf7-form-control wpcf7-url wpcf7-text wpcf7-validates-as-url\" aria-invalid=\"false\" value=\"Link to services as WeTransfer, DropBox, Google Drive...\" type=\"url\" name=\"link_stl\" \/><\/span><\/label><br \/>\n<label>\u00bfNecesita concertar una reuni\u00f3n con nuestro equipo de atenci\u00f3n al cliente? (s\u00f3lo para distribuidores)<br \/>\n<span class=\"wpcf7-form-control-wrap\" data-name=\"meeting\"><span class=\"wpcf7-form-control wpcf7-checkbox wpcf7-exclusive-checkbox\"><span class=\"wpcf7-list-item first\"><input type=\"checkbox\" name=\"meeting\" value=\"Skype\" \/><span class=\"wpcf7-list-item-label\">Skype<\/span><\/span><span class=\"wpcf7-list-item\"><input type=\"checkbox\" name=\"meeting\" value=\"TeamViewer\" \/><span class=\"wpcf7-list-item-label\">TeamViewer<\/span><\/span><span class=\"wpcf7-list-item last\"><input type=\"checkbox\" name=\"meeting\" value=\"Not needed\" \/><span class=\"wpcf7-list-item-label\">Not needed<\/span><\/span><\/span><\/span><br \/>\n\t<br \/>\n<input class=\"wpcf7-form-control wpcf7-submit has-spinner\" type=\"submit\" value=\"Send\" \/><\/label>\n<\/p><div class=\"wpcf7-response-output\" aria-hidden=\"true\"><\/div>\n<\/form>\n<\/div>\n[\/vc_column][\/vc_row]\n","protected":false},"excerpt":{"rendered":"<p>[vc_row type=\u00bbin_container\u00bb full_screen_row_position=\u00bbmiddle\u00bb scene_position=\u00bbcenter\u00bb text_color=\u00bbdark\u00bb text_align=\u00bbleft\u00bb overlay_strength=\u00bb0.3&#8243;][vc_column column_padding=\u00bbno-extra-padding\u00bb column_padding_position=\u00bball\u00bb background_color_opacity=\u00bb1&#8243; background_hover_color_opacity=\u00bb1&#8243; column_shadow=\u00bbnone\u00bb width=\u00bb1\/1&#8243; tablet_text_alignment=\u00bbdefault\u00bb phone_text_alignment=\u00bbdefault\u00bb column_border_width=\u00bbnone\u00bb column_border_style=\u00bbsolid\u00bb][\/vc_column][\/vc_row]<\/p>\n","protected":false},"author":1,"featured_media":0,"parent":0,"menu_order":0,"comment_status":"closed","ping_status":"closed","template":"","meta":{"_themeisle_gutenberg_block_has_review":false,"footnotes":""},"class_list":["post-11183","page","type-page","status-publish"],"_links":{"self":[{"href":"https:\/\/microlay.com\/es\/wp-json\/wp\/v2\/pages\/11183","targetHints":{"allow":["GET"]}}],"collection":[{"href":"https:\/\/microlay.com\/es\/wp-json\/wp\/v2\/pages"}],"about":[{"href":"https:\/\/microlay.com\/es\/wp-json\/wp\/v2\/types\/page"}],"author":[{"embeddable":true,"href":"https:\/\/microlay.com\/es\/wp-json\/wp\/v2\/users\/1"}],"replies":[{"embeddable":true,"href":"https:\/\/microlay.com\/es\/wp-json\/wp\/v2\/comments?post=11183"}],"version-history":[{"count":1,"href":"https:\/\/microlay.com\/es\/wp-json\/wp\/v2\/pages\/11183\/revisions"}],"predecessor-version":[{"id":11188,"href":"https:\/\/microlay.com\/es\/wp-json\/wp\/v2\/pages\/11183\/revisions\/11188"}],"wp:attachment":[{"href":"https:\/\/microlay.com\/es\/wp-json\/wp\/v2\/media?parent=11183"}],"curies":[{"name":"wp","href":"https:\/\/api.w.org\/{rel}","templated":true}]}}