{"id":10777,"date":"2020-04-21T22:34:52","date_gmt":"2020-04-21T20:34:52","guid":{"rendered":"https:\/\/microlay.com\/product\/camara-de-post-procesado-otoflash-g-171-n2\/"},"modified":"2020-04-21T22:34:52","modified_gmt":"2020-04-21T20:34:52","slug":"camara-de-post-procesado-otoflash-g-171-n2","status":"publish","type":"product","link":"https:\/\/microlay.com\/de\/produkt\/camara-de-post-procesado-otoflash-g-171-n2\/","title":{"rendered":"Nachbearbeitungsger\u00e4t Otoflash G-171 n2"},"content":{"rendered":"<div class=\"product-shop\">\n<div id=\"product-description\" class=\"product-description\">\n<p>Das Otoflash G171 Std hat zwei Blitze, die Licht von unten in die Aush\u00e4rtekammer abgeben. Daher eignet es sich besonders f\u00fcr den Einsatz im zahnmedizinischen Bereich, Otoplastiken und der Schmuckherstellung. DDas Ger\u00e4t kann zur Lichth\u00e4rtung aller lichth\u00e4rtenden Materialien verwendet werden, bei denen die Aush\u00e4rtung bei einer Wellenl\u00e4nge von 280-580 nm erfolgt.<\/p>\n<p>Das starke Blitzlicht in Kombination mit der gespiegelten Oberfl\u00e4che sorgt f\u00fcr eine sehr tiefe und vollst\u00e4ndige Aush\u00e4rtung kleiner Teile, was dieses Ger\u00e4t zum meistverwendeten in Dentallabors auf der ganzen Welt macht.<\/p>\n<p>Das Otoflash G171 erm\u00f6glicht dank seiner technischen Konfiguration kurze Aush\u00e4rtungszeiten: Im Betriebsmodus erzeugen zwei unten angebrachte Lampen zehn Blitze pro Sekunde. Die entsprechende Lichtstrahlung bei einer Wellenl\u00e4nge von 280-580 nm ist sehr intensiv. Im Vergleich zu anderen Methoden wird eine wesentlich bessere Aush\u00e4rtung der Materialien erreicht, was zu optimalen mechanischen Eigenschaften und einem reduzierten Restmonomergehalt (Inhibitionsschicht) f\u00fchrt.<\/p>\n<p>Das Otoflash G171 Std verf\u00fcgt \u00fcber einen eingebauten Betriebsstundenz\u00e4hler, ist einfach zu bedienen und extrem wartungsfreundlich.<\/p>\n<p><strong>Vorteile:<\/strong><\/p>\n<ul>\n<li>Zwei Blitzlampen, die von unten auf die Aush\u00e4rtekammer einwirken und so die Aush\u00e4rtezeiten verk\u00fcrzen.<\/li>\n<li>Weiter Wellenl\u00e4ngenbereich des Lichts f\u00fcr optimale Harzaush\u00e4rtung und Endeigenschaften der 3D-Druckmaterialien.<\/li>\n<li>Die Gasschutzvorrichtung vermeidet die Sauerstoffinhibierung und erm\u00f6glicht die korrekte Polymerisation der Oberfl\u00e4che unter Vermeidung einer Inhibitionsschicht aus toxischem Restmonomer im Mund.<\/li>\n<li>Der Fotopolymerisator verf\u00fcgt \u00fcber einen eingebauten Timer, der einfach zu bedienen und zu warten ist.<\/li>\n<li>Dieses Ger\u00e4t von NK Optik ist von allen Herstellern biokompatibler 3D-Materialien f\u00fcr die Nachbearbeitung ihrer Harze validiert (Detax, GC, Dreve, Keystone, 3Delta&#8230;)<\/li>\n<\/ul>\n<\/div>\n<\/div>\n<div class=\"product-fichatecnica\">\n<div id=\"div_videos2\"><\/div>\n<\/div>\n","protected":false},"excerpt":{"rendered":"<p><span id=\"desccorta\">Blitzausl\u00f6ser f\u00fcr die schnelle und sichere Polymerisation von 3D-Drucken in einer Inertgasatmosph\u00e4re. Auch f\u00fcr andere lichth\u00e4rtende Materialien im Lichtwellenbereich 300-700 nm geeignet.<\/span><\/p>\n","protected":false},"featured_media":10780,"template":"","meta":{"_themeisle_gutenberg_block_has_review":false},"product_brand":[],"product_cat":[1004],"product_tag":[],"class_list":{"0":"post-10777","1":"product","2":"type-product","3":"status-publish","4":"has-post-thumbnail","6":"product_cat-zubehor","8":"first","9":"instock","10":"sale","11":"taxable","12":"shipping-taxable","13":"purchasable","14":"product-type-simple"},"_links":{"self":[{"href":"https:\/\/microlay.com\/de\/wp-json\/wp\/v2\/product\/10777","targetHints":{"allow":["GET"]}}],"collection":[{"href":"https:\/\/microlay.com\/de\/wp-json\/wp\/v2\/product"}],"about":[{"href":"https:\/\/microlay.com\/de\/wp-json\/wp\/v2\/types\/product"}],"wp:featuredmedia":[{"embeddable":true,"href":"https:\/\/microlay.com\/de\/wp-json\/wp\/v2\/media\/10780"}],"wp:attachment":[{"href":"https:\/\/microlay.com\/de\/wp-json\/wp\/v2\/media?parent=10777"}],"wp:term":[{"taxonomy":"product_brand","embeddable":true,"href":"https:\/\/microlay.com\/de\/wp-json\/wp\/v2\/product_brand?post=10777"},{"taxonomy":"product_cat","embeddable":true,"href":"https:\/\/microlay.com\/de\/wp-json\/wp\/v2\/product_cat?post=10777"},{"taxonomy":"product_tag","embeddable":true,"href":"https:\/\/microlay.com\/de\/wp-json\/wp\/v2\/product_tag?post=10777"}],"curies":[{"name":"wp","href":"https:\/\/api.w.org\/{rel}","templated":true}]}}