{"id":10442,"date":"2020-11-12T07:26:17","date_gmt":"2020-11-12T06:26:17","guid":{"rendered":"https:\/\/microlay.com\/ueber-uns\/"},"modified":"2020-11-13T15:30:55","modified_gmt":"2020-11-13T14:30:55","slug":"ueber-uns","status":"publish","type":"page","link":"https:\/\/microlay.com\/de\/ueber-uns\/","title":{"rendered":"\u00dcber uns"},"content":{"rendered":"[vc_row type=&#8220;in_container&#8220; full_screen_row_position=&#8220;middle&#8220; scene_position=&#8220;center&#8220; text_color=&#8220;dark&#8220; text_align=&#8220;left&#8220; overlay_strength=&#8220;0.3&#8243; shape_divider_position=&#8220;bottom&#8220;][vc_column column_padding=&#8220;no-extra-padding&#8220; column_padding_position=&#8220;all&#8220; background_color_opacity=&#8220;1&#8243; background_hover_color_opacity=&#8220;1&#8243; column_link_target=&#8220;_self&#8220; column_shadow=&#8220;none&#8220; column_border_radius=&#8220;none&#8220; width=&#8220;1\/1&#8243; tablet_width_inherit=&#8220;default&#8220; tablet_text_alignment=&#8220;default&#8220; phone_text_alignment=&#8220;default&#8220; column_border_width=&#8220;none&#8220; column_border_style=&#8220;solid&#8220;][vc_column_text]\n<p>Microlay ist aus dem Anliegen einer Gruppe junger Ingenieure und Fachleute aus verschiedenen Bereichen entstanden, die auf die wachsende Nachfrage nach Maschinen f\u00fcr die additive Fertigung f\u00fcr bestimmte Berufssparten reagieren wollten. Die meisten unserer Mitarbeiter kommen von KitPrinter3D, Pioniere in der Herstellung und im Verkauf von FDM-Drucker-Baus\u00e4tzen in Spanien seit 2013 und im Verkauf des SolidRay, des ersten kosteng\u00fcnstigen SLA-Drucker-Bausatzes in Europa. In unserer umfassenden mechanischen Werkstatt am Stadtrand von Madrid stellen wir die meisten Teile selbst her und stellen somit sicher, dass unsere Maschinen gr\u00fcndlich auf ihre Qualit\u00e4t gepr\u00fcft werden. Wir bei Microlay verfolgen aufmerksam neue Entwicklungen und bahnbrechnende Innovationen in den Bereichen Computer, artificial vision, Elektronik, IoT, VR und anderen Technologien, und wir begreifen F.&amp;E.&amp;I. als die einzige M\u00f6glichkeit, auf einem globalen Markt und in einer aufregenden \u00c4ra zu konkurrieren, in der technologische Fortschritte mit rasender Geschwindigkeit auf die Herstellerindustrie trifft und die Arbeitsabl\u00e4ufe beeinflusst.<\/p>\n[\/vc_column_text][\/vc_column][\/vc_row][vc_row type=&#8220;in_container&#8220; full_screen_row_position=&#8220;middle&#8220; scene_position=&#8220;center&#8220; text_color=&#8220;dark&#8220; text_align=&#8220;left&#8220; overlay_strength=&#8220;0.3&#8243; shape_divider_position=&#8220;bottom&#8220;][vc_column column_padding=&#8220;no-extra-padding&#8220; column_padding_position=&#8220;all&#8220; background_color_opacity=&#8220;1&#8243; background_hover_color_opacity=&#8220;1&#8243; column_link_target=&#8220;_self&#8220; column_shadow=&#8220;none&#8220; column_border_radius=&#8220;none&#8220; width=&#8220;1\/1&#8243; tablet_width_inherit=&#8220;default&#8220; tablet_text_alignment=&#8220;default&#8220; phone_text_alignment=&#8220;default&#8220; column_border_width=&#8220;none&#8220; column_border_style=&#8220;solid&#8220;][nectar_gmap map_type=&#8220;leaflet&#8220; zoom=&#8220;14&#8243; marker_style=&#8220;nectar&#8220; color=&#8220;accent-color&#8220; marker_image=&#8220;62&#8243; size=&#8220;400&#8243; map_center_lat=&#8220;40.3338834&#8243; map_center_lng=&#8220;-3.7062365&#8243;][\/vc_column][\/vc_row]\n","protected":false},"excerpt":{"rendered":"<p>[vc_row type=&#8220;in_container&#8220; full_screen_row_position=&#8220;middle&#8220; scene_position=&#8220;center&#8220; text_color=&#8220;dark&#8220; text_align=&#8220;left&#8220; overlay_strength=&#8220;0.3&#8243; shape_divider_position=&#8220;bottom&#8220;][vc_column column_padding=&#8220;no-extra-padding&#8220; column_padding_position=&#8220;all&#8220; background_color_opacity=&#8220;1&#8243; background_hover_color_opacity=&#8220;1&#8243; column_link_target=&#8220;_self&#8220; column_shadow=&#8220;none&#8220; column_border_radius=&#8220;none&#8220; width=&#8220;1\/1&#8243; tablet_width_inherit=&#8220;default&#8220; tablet_text_alignment=&#8220;default&#8220; phone_text_alignment=&#8220;default&#8220; column_border_width=&#8220;none&#8220; column_border_style=&#8220;solid&#8220;][vc_column_text] Microlay ist aus dem Anliegen einer Gruppe junger Ingenieure&#8230;<\/p>\n","protected":false},"author":1,"featured_media":0,"parent":0,"menu_order":0,"comment_status":"closed","ping_status":"closed","template":"","meta":{"_themeisle_gutenberg_block_has_review":false,"footnotes":""},"class_list":["post-10442","page","type-page","status-publish"],"_links":{"self":[{"href":"https:\/\/microlay.com\/de\/wp-json\/wp\/v2\/pages\/10442","targetHints":{"allow":["GET"]}}],"collection":[{"href":"https:\/\/microlay.com\/de\/wp-json\/wp\/v2\/pages"}],"about":[{"href":"https:\/\/microlay.com\/de\/wp-json\/wp\/v2\/types\/page"}],"author":[{"embeddable":true,"href":"https:\/\/microlay.com\/de\/wp-json\/wp\/v2\/users\/1"}],"replies":[{"embeddable":true,"href":"https:\/\/microlay.com\/de\/wp-json\/wp\/v2\/comments?post=10442"}],"version-history":[{"count":0,"href":"https:\/\/microlay.com\/de\/wp-json\/wp\/v2\/pages\/10442\/revisions"}],"wp:attachment":[{"href":"https:\/\/microlay.com\/de\/wp-json\/wp\/v2\/media?parent=10442"}],"curies":[{"name":"wp","href":"https:\/\/api.w.org\/{rel}","templated":true}]}}